{"id":12,"date":"2026-02-12T14:43:19","date_gmt":"2026-02-12T14:43:19","guid":{"rendered":"https:\/\/vinotecacasapina.rkinformatika.online\/?page_id=12"},"modified":"2026-02-16T16:51:35","modified_gmt":"2026-02-16T16:51:35","slug":"productos","status":"publish","type":"page","link":"https:\/\/vinotecacasapina.rkinformatika.online\/en\/productos\/","title":{"rendered":"Productos"},"content":{"rendered":"\t\t<div data-elementor-type=\"wp-page\" data-elementor-id=\"12\" class=\"elementor elementor-12\" data-elementor-post-type=\"page\">\n\t\t\t\t<div class=\"elementor-element elementor-element-db8419c e-flex e-con-boxed e-con e-parent\" data-id=\"db8419c\" data-element_type=\"container\" data-e-type=\"container\">\n\t\t\t\t\t<div class=\"e-con-inner\">\n\t\t<div class=\"elementor-element elementor-element-f1d595c e-con-full e-flex e-con e-child\" data-id=\"f1d595c\" data-element_type=\"container\" data-e-type=\"container\" data-settings=\"{&quot;background_background&quot;:&quot;slideshow&quot;,&quot;background_slideshow_gallery&quot;:[{&quot;id&quot;:248,&quot;url&quot;:&quot;https:\\\/\\\/vinotecacasapina.rkinformatika.online\\\/wp-content\\\/uploads\\\/2026\\\/02\\\/vinotecacasapina6.jpeg&quot;},{&quot;id&quot;:249,&quot;url&quot;:&quot;https:\\\/\\\/vinotecacasapina.rkinformatika.online\\\/wp-content\\\/uploads\\\/2026\\\/02\\\/vinotecacasapina4.jpeg&quot;},{&quot;id&quot;:250,&quot;url&quot;:&quot;https:\\\/\\\/vinotecacasapina.rkinformatika.online\\\/wp-content\\\/uploads\\\/2026\\\/02\\\/vinotecacasapina10.jpeg&quot;}],&quot;background_slideshow_ken_burns&quot;:&quot;yes&quot;,&quot;background_slideshow_loop&quot;:&quot;yes&quot;,&quot;background_slideshow_slide_duration&quot;:5000,&quot;background_slideshow_slide_transition&quot;:&quot;fade&quot;,&quot;background_slideshow_transition_duration&quot;:500,&quot;background_slideshow_ken_burns_zoom_direction&quot;:&quot;in&quot;}\">\n\t\t<div class=\"elementor-element elementor-element-d60b7bf e-con-full e-flex e-con e-child\" data-id=\"d60b7bf\" data-element_type=\"container\" data-e-type=\"container\">\n\t\t\t\t<div class=\"elementor-element elementor-element-700624a elementor-widget elementor-widget-heading\" data-id=\"700624a\" data-element_type=\"widget\" data-e-type=\"widget\" data-widget_type=\"heading.default\">\n\t\t\t\t\t<h2 class=\"elementor-heading-title elementor-size-default\">Descubre nuestros vinos<\/h2>\t\t\t\t<\/div>\n\t\t\t\t<\/div>\n\t\t\t\t<\/div>\n\t\t\t\t\t<\/div>\n\t\t\t\t<\/div>\n\t\t<div class=\"elementor-element elementor-element-22ff247 e-flex e-con-boxed e-con e-parent\" data-id=\"22ff247\" data-element_type=\"container\" data-e-type=\"container\">\n\t\t\t\t\t<div class=\"e-con-inner\">\n\t\t<div class=\"elementor-element elementor-element-c992f74 e-con-full e-flex e-con e-child\" data-id=\"c992f74\" data-element_type=\"container\" data-e-type=\"container\">\n\t\t\t\t<div class=\"elementor-element elementor-element-442c03c elementor-widget elementor-widget-heading\" data-id=\"442c03c\" data-element_type=\"widget\" data-e-type=\"widget\" data-widget_type=\"heading.default\">\n\t\t\t\t\t<h2 class=\"elementor-heading-title elementor-size-default\">Vinos Tintos<\/h2>\t\t\t\t<\/div>\n\t\t\t\t<div class=\"elementor-element elementor-element-5d8badc elementor-widget elementor-widget-text-editor\" data-id=\"5d8badc\" data-element_type=\"widget\" data-e-type=\"widget\" data-widget_type=\"text-editor.default\">\n\t\t\t\t\t\t\t\t\t<p>De sabor intenso y gran personalidad, los vinos tintos ofrecen aromas profundos y una estructura marcada. Son ideales para acompa\u00f1ar carnes, pastas y quesos, o para disfrutar con calma en ocasiones especiales. En nuestra vinoteca encontrar\u00e1s una selecci\u00f3n de etiquetas cuidadosamente elegidas entre las m\u00e1s apreciadas y vendidas.<\/p>\t\t\t\t\t\t\t\t<\/div>\n\t\t\t\t<\/div>\n\t\t<div class=\"elementor-element elementor-element-e1a0175 e-con-full e-flex e-con e-child\" data-id=\"e1a0175\" data-element_type=\"container\" data-e-type=\"container\">\n\t\t\t\t<div class=\"elementor-element elementor-element-eee1d38 elementor-widget elementor-widget-heading\" data-id=\"eee1d38\" data-element_type=\"widget\" data-e-type=\"widget\" data-widget_type=\"heading.default\">\n\t\t\t\t\t<h2 class=\"elementor-heading-title elementor-size-default\">Vinos Blancos<\/h2>\t\t\t\t<\/div>\n\t\t\t\t<div class=\"elementor-element elementor-element-44c6109 elementor-widget elementor-widget-text-editor\" data-id=\"44c6109\" data-element_type=\"widget\" data-e-type=\"widget\" data-widget_type=\"text-editor.default\">\n\t\t\t\t\t\t\t\t\t<p>Frescos, ligeros y arom\u00e1ticos, los vinos blancos destacan por sus notas frutales y florales. Perfectos para pescados, ensaladas o para beber bien fr\u00edos en momentos de relax. Ofrecemos una selecci\u00f3n de vinos blancos destacados por su calidad y preferencia entre nuestros clientes.<\/p>\t\t\t\t\t\t\t\t<\/div>\n\t\t\t\t<\/div>\n\t\t<div class=\"elementor-element elementor-element-6bc01d2 e-con-full e-flex e-con e-child\" data-id=\"6bc01d2\" data-element_type=\"container\" data-e-type=\"container\">\n\t\t\t\t<div class=\"elementor-element elementor-element-8a49060 elementor-widget elementor-widget-heading\" data-id=\"8a49060\" data-element_type=\"widget\" data-e-type=\"widget\" data-widget_type=\"heading.default\">\n\t\t\t\t\t<h2 class=\"elementor-heading-title elementor-size-default\">Vinos Rosados<\/h2>\t\t\t\t<\/div>\n\t\t\t\t<div class=\"elementor-element elementor-element-3fdd6fb elementor-widget elementor-widget-text-editor\" data-id=\"3fdd6fb\" data-element_type=\"widget\" data-e-type=\"widget\" data-widget_type=\"text-editor.default\">\n\t\t\t\t\t\t\t\t\t<p>Suaves, frutales y vers\u00e1tiles, los vinos rosados combinan frescura y equilibrio. Son una excelente opci\u00f3n para compartir, acompa\u00f1ar comidas ligeras o disfrutar en encuentros informales. Disponemos de una cuidada selecci\u00f3n de rosados elegidos por su sabor, estilo y excelente aceptaci\u00f3n.<\/p>\t\t\t\t\t\t\t\t<\/div>\n\t\t\t\t<\/div>\n\t\t\t\t\t<\/div>\n\t\t\t\t<\/div>\n\t\t<div class=\"elementor-element elementor-element-a756d87 e-flex e-con-boxed e-con e-parent\" data-id=\"a756d87\" data-element_type=\"container\" data-e-type=\"container\" data-settings=\"{&quot;background_background&quot;:&quot;classic&quot;}\">\n\t\t\t\t\t<div class=\"e-con-inner\">\n\t\t\t\t<div class=\"elementor-element elementor-element-5c4fcea elementor-widget elementor-widget-heading\" data-id=\"5c4fcea\" data-element_type=\"widget\" data-e-type=\"widget\" data-widget_type=\"heading.default\">\n\t\t\t\t\t<h2 class=\"elementor-heading-title elementor-size-default\">Ser\u00e1 un placer atenderte<\/h2>\t\t\t\t<\/div>\n\t\t\t\t<div class=\"elementor-element elementor-element-19128fc elementor-widget elementor-widget-text-editor\" data-id=\"19128fc\" data-element_type=\"widget\" data-e-type=\"widget\" data-widget_type=\"text-editor.default\">\n\t\t\t\t\t\t\t\t\t<p data-start=\"335\" data-end=\"389\">Cont\u00e1ctanos y descubre m\u00e1s sobre nuestros vinos.<\/p>\t\t\t\t\t\t\t\t<\/div>\n\t\t\t\t<div class=\"elementor-element elementor-element-7f49487 elementor-align-center elementor-widget elementor-widget-button\" data-id=\"7f49487\" data-element_type=\"widget\" data-e-type=\"widget\" data-widget_type=\"button.default\">\n\t\t\t\t\t\t\t\t\t\t<a class=\"elementor-button elementor-button-link elementor-size-sm\" href=\"https:\/\/vinotecacasapina.rkinformatika.online\/contacto\/\">\n\t\t\t\t\t\t<span class=\"elementor-button-content-wrapper\">\n\t\t\t\t\t\t\t\t\t<span class=\"elementor-button-text\">Contacto<\/span>\n\t\t\t\t\t<\/span>\n\t\t\t\t\t<\/a>\n\t\t\t\t\t\t\t\t<\/div>\n\t\t\t\t\t<\/div>\n\t\t\t\t<\/div>\n\t\t\t\t<\/div>\n\t\t","protected":false},"excerpt":{"rendered":"<p>Descubre nuestros vinos Vinos Tintos De sabor intenso y gran personalidad, los vinos tintos ofrecen aromas profundos y una estructura marcada. Son ideales para acompa\u00f1ar carnes, pastas y quesos, o para disfrutar con calma en ocasiones especiales. En nuestra vinoteca encontrar\u00e1s una selecci\u00f3n de etiquetas cuidadosamente elegidas entre las m\u00e1s apreciadas y vendidas. Vinos Blancos [&hellip;]<\/p>\n","protected":false},"author":1,"featured_media":0,"parent":0,"menu_order":0,"comment_status":"closed","ping_status":"closed","template":"elementor_canvas","meta":{"footnotes":""},"class_list":["post-12","page","type-page","status-publish","hentry"],"yoast_head":"<!-- This site is optimized with the Yoast SEO plugin v27.0 - https:\/\/yoast.com\/product\/yoast-seo-wordpress\/ -->\n<title>Productos - Vinoteca Casa Pina<\/title>\n<meta name=\"robots\" content=\"index, follow, max-snippet:-1, max-image-preview:large, max-video-preview:-1\" \/>\n<link rel=\"canonical\" href=\"https:\/\/vinotecacasapina.rkinformatika.online\/en\/productos\/\" \/>\n<meta property=\"og:locale\" content=\"en_GB\" \/>\n<meta property=\"og:type\" content=\"article\" \/>\n<meta property=\"og:title\" content=\"Productos - Vinoteca Casa Pina\" \/>\n<meta property=\"og:description\" content=\"Descubre nuestros vinos Vinos Tintos De sabor intenso y gran personalidad, los vinos tintos ofrecen aromas profundos y una estructura marcada. Son ideales para acompa\u00f1ar carnes, pastas y quesos, o para disfrutar con calma en ocasiones especiales. En nuestra vinoteca encontrar\u00e1s una selecci\u00f3n de etiquetas cuidadosamente elegidas entre las m\u00e1s apreciadas y vendidas. Vinos Blancos [&hellip;]\" \/>\n<meta property=\"og:url\" content=\"https:\/\/vinotecacasapina.rkinformatika.online\/en\/productos\/\" \/>\n<meta property=\"og:site_name\" content=\"Vinoteca Casa Pina\" \/>\n<meta property=\"article:modified_time\" content=\"2026-02-16T16:51:35+00:00\" \/>\n<meta name=\"twitter:card\" content=\"summary_large_image\" \/>\n<meta name=\"twitter:label1\" content=\"Estimated reading time\" \/>\n\t<meta name=\"twitter:data1\" content=\"1 minute\" \/>\n<script type=\"application\/ld+json\" class=\"yoast-schema-graph\">{\"@context\":\"https:\/\/schema.org\",\"@graph\":[{\"@type\":\"WebPage\",\"@id\":\"https:\/\/vinotecacasapina.rkinformatika.online\/productos\/\",\"url\":\"https:\/\/vinotecacasapina.rkinformatika.online\/productos\/\",\"name\":\"Productos - Vinoteca Casa Pina\",\"isPartOf\":{\"@id\":\"https:\/\/vinotecacasapina.rkinformatika.online\/#website\"},\"datePublished\":\"2026-02-12T14:43:19+00:00\",\"dateModified\":\"2026-02-16T16:51:35+00:00\",\"breadcrumb\":{\"@id\":\"https:\/\/vinotecacasapina.rkinformatika.online\/productos\/#breadcrumb\"},\"inLanguage\":\"en-GB\",\"potentialAction\":[{\"@type\":\"ReadAction\",\"target\":[\"https:\/\/vinotecacasapina.rkinformatika.online\/productos\/\"]}]},{\"@type\":\"BreadcrumbList\",\"@id\":\"https:\/\/vinotecacasapina.rkinformatika.online\/productos\/#breadcrumb\",\"itemListElement\":[{\"@type\":\"ListItem\",\"position\":1,\"name\":\"Portada\",\"item\":\"https:\/\/vinotecacasapina.rkinformatika.online\/\"},{\"@type\":\"ListItem\",\"position\":2,\"name\":\"Productos\"}]},{\"@type\":\"WebSite\",\"@id\":\"https:\/\/vinotecacasapina.rkinformatika.online\/#website\",\"url\":\"https:\/\/vinotecacasapina.rkinformatika.online\/\",\"name\":\"Vinoteca Casa Pina\",\"description\":\"Vinoteca\",\"publisher\":{\"@id\":\"https:\/\/vinotecacasapina.rkinformatika.online\/#organization\"},\"potentialAction\":[{\"@type\":\"SearchAction\",\"target\":{\"@type\":\"EntryPoint\",\"urlTemplate\":\"https:\/\/vinotecacasapina.rkinformatika.online\/?s={search_term_string}\"},\"query-input\":{\"@type\":\"PropertyValueSpecification\",\"valueRequired\":true,\"valueName\":\"search_term_string\"}}],\"inLanguage\":\"en-GB\"},{\"@type\":\"Organization\",\"@id\":\"https:\/\/vinotecacasapina.rkinformatika.online\/#organization\",\"name\":\"Vinoteca Casa Pina\",\"url\":\"https:\/\/vinotecacasapina.rkinformatika.online\/\",\"logo\":{\"@type\":\"ImageObject\",\"inLanguage\":\"en-GB\",\"@id\":\"https:\/\/vinotecacasapina.rkinformatika.online\/#\/schema\/logo\/image\/\",\"url\":\"https:\/\/vinotecacasapina.rkinformatika.online\/wp-content\/uploads\/2026\/02\/cropped-bodegacasapina202601_logo_web.png\",\"contentUrl\":\"https:\/\/vinotecacasapina.rkinformatika.online\/wp-content\/uploads\/2026\/02\/cropped-bodegacasapina202601_logo_web.png\",\"width\":2250,\"height\":986,\"caption\":\"Vinoteca Casa Pina\"},\"image\":{\"@id\":\"https:\/\/vinotecacasapina.rkinformatika.online\/#\/schema\/logo\/image\/\"}}]}<\/script>\n<!-- \/ Yoast SEO plugin. -->","yoast_head_json":{"title":"Productos - Vinoteca Casa Pina","robots":{"index":"index","follow":"follow","max-snippet":"max-snippet:-1","max-image-preview":"max-image-preview:large","max-video-preview":"max-video-preview:-1"},"canonical":"https:\/\/vinotecacasapina.rkinformatika.online\/en\/productos\/","og_locale":"en_GB","og_type":"article","og_title":"Productos - Vinoteca Casa Pina","og_description":"Descubre nuestros vinos Vinos Tintos De sabor intenso y gran personalidad, los vinos tintos ofrecen aromas profundos y una estructura marcada. Son ideales para acompa\u00f1ar carnes, pastas y quesos, o para disfrutar con calma en ocasiones especiales. En nuestra vinoteca encontrar\u00e1s una selecci\u00f3n de etiquetas cuidadosamente elegidas entre las m\u00e1s apreciadas y vendidas. Vinos Blancos [&hellip;]","og_url":"https:\/\/vinotecacasapina.rkinformatika.online\/en\/productos\/","og_site_name":"Vinoteca Casa Pina","article_modified_time":"2026-02-16T16:51:35+00:00","twitter_card":"summary_large_image","twitter_misc":{"Estimated reading time":"1 minute"},"schema":{"@context":"https:\/\/schema.org","@graph":[{"@type":"WebPage","@id":"https:\/\/vinotecacasapina.rkinformatika.online\/productos\/","url":"https:\/\/vinotecacasapina.rkinformatika.online\/productos\/","name":"Productos - Vinoteca Casa Pina","isPartOf":{"@id":"https:\/\/vinotecacasapina.rkinformatika.online\/#website"},"datePublished":"2026-02-12T14:43:19+00:00","dateModified":"2026-02-16T16:51:35+00:00","breadcrumb":{"@id":"https:\/\/vinotecacasapina.rkinformatika.online\/productos\/#breadcrumb"},"inLanguage":"en-GB","potentialAction":[{"@type":"ReadAction","target":["https:\/\/vinotecacasapina.rkinformatika.online\/productos\/"]}]},{"@type":"BreadcrumbList","@id":"https:\/\/vinotecacasapina.rkinformatika.online\/productos\/#breadcrumb","itemListElement":[{"@type":"ListItem","position":1,"name":"Portada","item":"https:\/\/vinotecacasapina.rkinformatika.online\/"},{"@type":"ListItem","position":2,"name":"Productos"}]},{"@type":"WebSite","@id":"https:\/\/vinotecacasapina.rkinformatika.online\/#website","url":"https:\/\/vinotecacasapina.rkinformatika.online\/","name":"Vinoteca Casa Pina","description":"Vinoteca","publisher":{"@id":"https:\/\/vinotecacasapina.rkinformatika.online\/#organization"},"potentialAction":[{"@type":"SearchAction","target":{"@type":"EntryPoint","urlTemplate":"https:\/\/vinotecacasapina.rkinformatika.online\/?s={search_term_string}"},"query-input":{"@type":"PropertyValueSpecification","valueRequired":true,"valueName":"search_term_string"}}],"inLanguage":"en-GB"},{"@type":"Organization","@id":"https:\/\/vinotecacasapina.rkinformatika.online\/#organization","name":"Vinoteca Casa Pina","url":"https:\/\/vinotecacasapina.rkinformatika.online\/","logo":{"@type":"ImageObject","inLanguage":"en-GB","@id":"https:\/\/vinotecacasapina.rkinformatika.online\/#\/schema\/logo\/image\/","url":"https:\/\/vinotecacasapina.rkinformatika.online\/wp-content\/uploads\/2026\/02\/cropped-bodegacasapina202601_logo_web.png","contentUrl":"https:\/\/vinotecacasapina.rkinformatika.online\/wp-content\/uploads\/2026\/02\/cropped-bodegacasapina202601_logo_web.png","width":2250,"height":986,"caption":"Vinoteca Casa Pina"},"image":{"@id":"https:\/\/vinotecacasapina.rkinformatika.online\/#\/schema\/logo\/image\/"}}]}},"_links":{"self":[{"href":"https:\/\/vinotecacasapina.rkinformatika.online\/en\/wp-json\/wp\/v2\/pages\/12","targetHints":{"allow":["GET"]}}],"collection":[{"href":"https:\/\/vinotecacasapina.rkinformatika.online\/en\/wp-json\/wp\/v2\/pages"}],"about":[{"href":"https:\/\/vinotecacasapina.rkinformatika.online\/en\/wp-json\/wp\/v2\/types\/page"}],"author":[{"embeddable":true,"href":"https:\/\/vinotecacasapina.rkinformatika.online\/en\/wp-json\/wp\/v2\/users\/1"}],"replies":[{"embeddable":true,"href":"https:\/\/vinotecacasapina.rkinformatika.online\/en\/wp-json\/wp\/v2\/comments?post=12"}],"version-history":[{"count":47,"href":"https:\/\/vinotecacasapina.rkinformatika.online\/en\/wp-json\/wp\/v2\/pages\/12\/revisions"}],"predecessor-version":[{"id":283,"href":"https:\/\/vinotecacasapina.rkinformatika.online\/en\/wp-json\/wp\/v2\/pages\/12\/revisions\/283"}],"wp:attachment":[{"href":"https:\/\/vinotecacasapina.rkinformatika.online\/en\/wp-json\/wp\/v2\/media?parent=12"}],"curies":[{"name":"wp","href":"https:\/\/api.w.org\/{rel}","templated":true}]}}